{"id":121,"date":"2012-01-27T14:54:49","date_gmt":"2012-01-27T13:54:49","guid":{"rendered":"http:\/\/www.proof.de\/?page_id=121"},"modified":"2022-04-22T16:59:35","modified_gmt":"2022-04-22T14:59:35","slug":"proof-order-2","status":"publish","type":"page","link":"https:\/\/www.proof.de\/fi\/proof-bestellen\/","title":{"rendered":"Tilaustodistus"},"content":{"rendered":"<p><a href=\"https:\/\/shop.proof.de\"><img loading=\"lazy\" decoding=\"async\" class=\"alignleft wp-image-1854 size-large\" src=\"https:\/\/blog1.proofen.de\/wp-content\/uploads\/2017\/02\/Bildschirmfoto-2017-02-16-um-00.18.40-1024x891.png\" alt=\"Tilaustodiste: shop.proof.de\" width=\"584\" height=\"508\" srcset=\"https:\/\/www.proof.de\/wp-content\/uploads\/2017\/02\/Bildschirmfoto-2017-02-16-um-00.18.40-1024x891.png 1024w, https:\/\/www.proof.de\/wp-content\/uploads\/2017\/02\/Bildschirmfoto-2017-02-16-um-00.18.40-300x261.png 300w, https:\/\/www.proof.de\/wp-content\/uploads\/2017\/02\/Bildschirmfoto-2017-02-16-um-00.18.40-768x668.png 768w, https:\/\/www.proof.de\/wp-content\/uploads\/2017\/02\/Bildschirmfoto-2017-02-16-um-00.18.40-345x300.png 345w\" sizes=\"auto, (max-width: 584px) 100vw, 584px\"><\/a><\/p>\n<p>T\u00e4st\u00e4 l\u00e4htien voit <a href=\"https:\/\/www.proof.de\/fi\/lexikon\/proof\/\" target=\"_self\" title=\"Proof (oikein: sopimusproof) on ISO 12647-7 -sertifioitu graafisen alan proof-laite. Proof simuloi offset- tai syv\u00e4painon v\u00e4rillisyytt\u00e4 v\u00e4ris\u00e4vyjen ja oikeudellisesti sitovalla tavalla ISO-standardin kapeiden toleranssien rajoissa.\" class=\"encyclopedia\">todiste<\/a>.de k\u00e4tev\u00e4 <a href=\"https:\/\/www.proof.de\/fi\/lexikon\/proofs\/\" target=\"_self\" title=\"Painoalalla vedoksilla (tai vedosj\u00e4ljenn\u00f6ksill\u00e4) tarkoitetaan painotuloksen v\u00e4risitovaa ja oikeudellisesti sitovaa simulaatiota valvontatarkoituksiin. Proofista vastaava standardi on ISO 12647-7:2016, eli nykyinen vuoden 2016 tarkistus.\" class=\"encyclopedia\">Todisteet<\/a> j\u00e4rjestys:<\/p>\n<p>Kohdasta shop.proof.de l\u00f6ytyy&nbsp;<a title=\"Tilausn\u00e4ytteet: shop.proof.de\" href=\"http:\/\/shop.proof.de\" target=\"_blank\" rel=\"noopener noreferrer\">shop.proof.de<\/a>&nbsp;k\u00e4tev\u00e4 verkkokauppa, jolla on lukuisia etuja:<\/p>\n<ul>\n<li><strong>K\u00e4tev\u00e4 tietojen lataaminen<\/strong>: Kullekin kohteelle voidaan nyt ladata yksi tai useampi tiedosto. N\u00e4in voit m\u00e4\u00e4ritt\u00e4\u00e4 tietosi suoraan yksitt\u00e4isiin todisteisiin.<\/li>\n<li><strong>Maksu Paypalilla, suoraveloituksella, laskulla, luottokortilla jne.<\/strong>: Lis\u00e4\u00e4 maksutapoja on saatavilla shop.proof.de:ss\u00e4 Paypalin ja suoraveloituksen avulla. Tietenkin voit edelleen tilata k\u00e4tev\u00e4sti todisteet tilille.<\/li>\n<li><strong>N\u00e4yt\u00e4 aiemmat tilaukset, laskut, tietojen lataaminen<\/strong>Voit milloin tahansa tarkistaa aiemmat tilauksesi, tarkastella niiden laskuja ja seurata niiden ladattuja tietoja.<\/li>\n<\/ul>\n<div>Valitettavasti et voi en\u00e4\u00e4 k\u00e4ytt\u00e4\u00e4 <a href=\"https:\/\/www.proof.de\/fi\/lexikon\/farbproofs\/\" target=\"_self\" title=\"V\u00e4rivedokset (oikeammin: sopimusvedokset) ovat ISO-sertifioitu vedosj\u00e4ljenn\u00f6sv\u00e4line graafisen alan teollisuudelle. V\u00e4riproofit simuloivat offset- tai syv\u00e4painatuksen v\u00e4rikyll\u00e4isyytt\u00e4 v\u00e4rillisell\u00e4 ja oikeudellisesti sitovalla tavalla ISO 12647-7 -standardin mukaisten kapeiden toleranssien puitteissa. Nyky\u00e4\u00e4n ne lasketaan l\u00e4hes yksinomaan RIP:n avulla ja tuotetaan sitten mustesuihkutulostimilla erityisille proof-papereille.\" class=\"encyclopedia\">v\u00e4rivedokset<\/a>.de-tilaus.<\/div>","protected":false},"excerpt":{"rendered":"<p>Voit nyt tilata vedoksia k\u00e4tev\u00e4sti osoitteessa proofs.de: shop.proof.de:ss\u00e4 on k\u00e4tev\u00e4 verkkokauppa, jossa on lukuisia etuja: K\u00e4tev\u00e4 tietojen lataaminen: Yksi tai useampi tiedosto voidaan nyt ladata jokaista tuotetta kohden. N\u00e4in voit m\u00e4\u00e4ritt\u00e4\u00e4 tietosi suoraan yksitt\u00e4isiin vedoksiin. Maksu Paypalilla, suoraveloituksella, laskulla jne..: K\u00e4ytett\u00e4viss\u00e4si on enemm\u00e4n maksutapoja shop.proof.de:ss\u00e4 Paypalin ja suoraveloituksen avulla. Voit tietysti edelleen tilata vedokset k\u00e4tev\u00e4sti laskulla. N\u00e4yt\u00e4 aiemmat tilaukset, laskut, tietojen lataukset: Voit milloin tahansa tarkistaa aiemmat tilauksesi, tarkastella niit\u00e4 koskevia laskuja ... <\/p>\n<p class=\"read-more-container\"><a title=\"Tilaustodistus\" class=\"read-more button\" href=\"https:\/\/www.proof.de\/fi\/proof-bestellen\/#more-121\" aria-label=\"Tilaa Lue lis\u00e4\u00e4 aiheesta Proof\">Lue lis\u00e4\u00e4<\/a><\/p>","protected":false},"author":2,"featured_media":0,"parent":0,"menu_order":0,"comment_status":"open","ping_status":"open","template":"","meta":{"inline_featured_image":false,"footnotes":""},"class_list":{"0":"post-121","1":"page","2":"type-page","3":"status-publish","5":"no-featured-image-padding"},"aioseo_notices":[],"_links":{"self":[{"href":"https:\/\/www.proof.de\/fi\/wp-json\/wp\/v2\/pages\/121","targetHints":{"allow":["GET"]}}],"collection":[{"href":"https:\/\/www.proof.de\/fi\/wp-json\/wp\/v2\/pages"}],"about":[{"href":"https:\/\/www.proof.de\/fi\/wp-json\/wp\/v2\/types\/page"}],"author":[{"embeddable":true,"href":"https:\/\/www.proof.de\/fi\/wp-json\/wp\/v2\/users\/2"}],"replies":[{"embeddable":true,"href":"https:\/\/www.proof.de\/fi\/wp-json\/wp\/v2\/comments?post=121"}],"version-history":[{"count":8,"href":"https:\/\/www.proof.de\/fi\/wp-json\/wp\/v2\/pages\/121\/revisions"}],"predecessor-version":[{"id":3066,"href":"https:\/\/www.proof.de\/fi\/wp-json\/wp\/v2\/pages\/121\/revisions\/3066"}],"wp:attachment":[{"href":"https:\/\/www.proof.de\/fi\/wp-json\/wp\/v2\/media?parent=121"}],"curies":[{"name":"wp","href":"https:\/\/api.w.org\/{rel}","templated":true}]}}